{"id":3887,"date":"2025-08-31T11:18:06","date_gmt":"2025-08-31T16:18:06","guid":{"rendered":"https:\/\/dantebogota.com\/b1\/?page_id=3887"},"modified":"2026-03-13T17:23:14","modified_gmt":"2026-03-13T22:23:14","slug":"corsi-di-italiano-famiglie-leonardine","status":"publish","type":"page","link":"https:\/\/dantebogota.com\/b1\/es\/corsi-di-italiano-famiglie-leonardine\/","title":{"rendered":"Corsi di italiano famiglie Leonardine"},"content":{"rendered":"<div style=\"height:57px\" aria-hidden=\"true\" class=\"wp-block-spacer\"><\/div>\n\n\n\n<div style=\"margin-left:0px; display: flex; align-items: center; justify-content: left; text-align:left;\">\n<div style=\"margin-left:60px; width:200px; height:200px; border-radius:100px; background-color: #FFED4E;\">&nbsp;<\/div>\n<div style=\"position: absolute; z-index: 0; opacity: 0.5; margin-left:120px; margin-top:50px; width:640px; height:70px; background-color: #5bc5f2;\">&nbsp;<\/div>\n<div style=\"margin-top:-50px; position: absolute; margin-left:0px;\">\n<span style=\"font-size: 70px; font-weight: 900; letter-spacing:0.5px;\">Cursos<\/span>\n<div style=\"margin-top:-40px; font: normal 60px Times; letter-spacing:1px;\">para familias Leonardinas<\/div>\n<\/div>\n<\/div>\n\n\n\n<div style=\"height:57px\" aria-hidden=\"true\" class=\"wp-block-spacer\"><\/div>\n\n\n\n<figure class=\"wp-block-embed is-type-video is-provider-youtube wp-block-embed-youtube wp-embed-aspect-16-9 wp-has-aspect-ratio\"><div class=\"wp-block-embed__wrapper\">\n<div class=\"ast-oembed-container\" style=\"height: 100%;\"><iframe loading=\"lazy\" title=\"Benvenuti famiglie Leonardine 2025\" width=\"500\" height=\"281\" src=\"https:\/\/www.youtube.com\/embed\/IJoINW6vgxI?feature=oembed\" frameborder=\"0\" allow=\"accelerometer; autoplay; clipboard-write; encrypted-media; gyroscope; picture-in-picture; web-share\" referrerpolicy=\"strict-origin-when-cross-origin\" allowfullscreen><\/iframe><\/div>\n<\/div><\/figure>\n\n\n\n<div style=\"height:100px\" aria-hidden=\"true\" class=\"wp-block-spacer\"><\/div>\n\n\n\n<p style=\"font-size:20px;letter-spacing:0.5px\">Este curso est\u00e1 dise\u00f1ado para los padres que desean sentirse m\u00e1s seguros al comunicarse con el Colegio de sus hijos y acompa\u00f1arlos en su proceso acad\u00e9mico.<\/p>\n\n\n\n<p style=\"font-size:20px;letter-spacing:0.5px\">A lo largo de las clases, aprenderemos el vocabulario propio del entorno escolar, \u00fatil para reconocer y nombrar lugares, objetos, personas y actividades. Practicaremos la lectura y comprensi\u00f3n de avisos, circulares y notas en la agenda, poniendo especial atenci\u00f3n a las instrucciones de las tareas para poder apoyar a los hijos en su correcta realizaci\u00f3n.<\/p>\n\n\n\n<p style=\"font-size:20px;letter-spacing:0.5px\">Adem\u00e1s, durante las sesiones, los participantes tendr\u00e1n la oportunidad de simular conversaciones sencillas con docentes, aprendiendo a presentarse, solicitar informaci\u00f3n y expresar necesidades o dudas.<\/p>\n\n\n\n<div style=\"margin-left:0px; display: flex; align-items: center; height:190px;\">\n<div style=\"margin-left:190px; width:150px; height:150px; border-radius:75px; background-color: #A6E4F8;\">&nbsp;<\/div>\n<div style=\"position: absolute; margin-left:0px;\">\n<span style=\"font: bold 60px\/50px Open, sans-serif; letter-spacing:1px;\">Calendario<\/span>\n<\/div><\/div>\n\n\n\n<div style=\"height:41px\" aria-hidden=\"true\" class=\"wp-block-spacer\"><\/div>\n\n\n\n<figure class=\"wp-block-image size-full\"><img loading=\"lazy\" decoding=\"async\" width=\"2000\" height=\"1414\" src=\"https:\/\/dantebogota.com\/b1\/wp-content\/uploads\/2026\/01\/CALENDARIO-DANTE.png\" alt=\"\" class=\"wp-image-4349\" srcset=\"https:\/\/dantebogota.com\/b1\/wp-content\/uploads\/2026\/01\/CALENDARIO-DANTE.png 2000w, https:\/\/dantebogota.com\/b1\/wp-content\/uploads\/2026\/01\/CALENDARIO-DANTE-300x212.png 300w, https:\/\/dantebogota.com\/b1\/wp-content\/uploads\/2026\/01\/CALENDARIO-DANTE-1024x724.png 1024w, https:\/\/dantebogota.com\/b1\/wp-content\/uploads\/2026\/01\/CALENDARIO-DANTE-768x543.png 768w, https:\/\/dantebogota.com\/b1\/wp-content\/uploads\/2026\/01\/CALENDARIO-DANTE-1536x1086.png 1536w, https:\/\/dantebogota.com\/b1\/wp-content\/uploads\/2026\/01\/CALENDARIO-DANTE-18x12.png 18w\" sizes=\"auto, (max-width: 2000px) 100vw, 2000px\" \/><\/figure>\n\n\n\n<div style=\"height:41px\" aria-hidden=\"true\" class=\"wp-block-spacer\"><\/div>\n\n\n\n<p style=\"font-size:20px;letter-spacing:0.5px\">El curso se ofrece en dos opciones para adaptarse a diferentes necesidades:&nbsp;<\/p>\n\n\n\n<ul class=\"wp-block-list\">\n<li>Martes y jueves de 7:30 a 9:00 a.m. &nbsp;<\/li>\n\n\n\n<li>Lunes y mi\u00e9rcoles o martes y jueves de 3:00 a 4:30 p.m.&nbsp;<\/li>\n<\/ul>\n\n\n\n<p style=\"font-size:20px;letter-spacing:0.5px\">Con dos encuentros semanales y un enfoque pr\u00e1ctico y accesible, los padres podr\u00e1n adquirir desde el inicio herramientas \u00fatiles para participar activamente en la vida escolar de sus hijos.&nbsp;<\/p>\n\n\n\n<p style=\"font-size:20px;letter-spacing:0.5px\">Despu\u00e9s los primeros dos m\u00f3dulos pueden, si quieren, entrar a nuestros cursos de lengua y cultura italiana al nivel A2, con el descuento del 10%.<\/p>\n\n\n\n<div class=\"wp-block-buttons is-content-justification-center is-layout-flex wp-container-core-buttons-is-layout-a89b3969 wp-block-buttons-is-layout-flex\">\n<div class=\"wp-block-button\"><a class=\"wp-block-button__link wp-element-button\" href=\"https:\/\/docs.google.com\/forms\/d\/e\/1FAIpQLSctRCdhD-4KycxcN22dYTQvoUP5w650ZWgheUJ86LlaUyG-FQ\/viewform?usp=header\" target=\"_blank\" rel=\"noreferrer noopener\">Modulo di iscrizione LM2-2026<\/a><\/div>\n<\/div>\n\n\n\n<div class=\"wp-block-buttons is-content-justification-center is-layout-flex wp-container-core-buttons-is-layout-a89b3969 wp-block-buttons-is-layout-flex\">\n<div class=\"wp-block-button\"><a class=\"wp-block-button__link wp-element-button\" href=\"https:\/\/docs.google.com\/forms\/d\/e\/1FAIpQLSeWm27xU79XFf73lQPvxlu-nzy8ayzlB7_sJx-PimKbyXKFQg\/viewform?usp=header\" target=\"_blank\" rel=\"noreferrer noopener\">Modulo di iscrizione MG2-2026<\/a><\/div>\n<\/div>\n\n\n\n<p><\/p>","protected":false},"excerpt":{"rendered":"<p>&nbsp; &nbsp; Cursos para familias Leonardinas Este curso est\u00e1 dise\u00f1ado para los padres que desean sentirse m\u00e1s seguros al comunicarse [&hellip;]<\/p>\n","protected":false},"author":2,"featured_media":0,"parent":0,"menu_order":0,"comment_status":"closed","ping_status":"closed","template":"","meta":{"_uag_custom_page_level_css":"","site-sidebar-layout":"default","site-content-layout":"","ast-site-content-layout":"","site-content-style":"default","site-sidebar-style":"default","ast-global-header-display":"","ast-banner-title-visibility":"","ast-main-header-display":"","ast-hfb-above-header-display":"","ast-hfb-below-header-display":"","ast-hfb-mobile-header-display":"","site-post-title":"disabled","ast-breadcrumbs-content":"","ast-featured-img":"","footer-sml-layout":"","theme-transparent-header-meta":"","adv-header-id-meta":"","stick-header-meta":"","header-above-stick-meta":"","header-main-stick-meta":"","header-below-stick-meta":"","astra-migrate-meta-layouts":"default","ast-page-background-enabled":"default","ast-page-background-meta":{"desktop":{"background-color":"var(--ast-global-color-4)","background-image":"","background-repeat":"repeat","background-position":"center center","background-size":"auto","background-attachment":"scroll","background-type":"","background-media":"","overlay-type":"","overlay-color":"","overlay-opacity":"","overlay-gradient":""},"tablet":{"background-color":"","background-image":"","background-repeat":"repeat","background-position":"center center","background-size":"auto","background-attachment":"scroll","background-type":"","background-media":"","overlay-type":"","overlay-color":"","overlay-opacity":"","overlay-gradient":""},"mobile":{"background-color":"","background-image":"","background-repeat":"repeat","background-position":"center center","background-size":"auto","background-attachment":"scroll","background-type":"","background-media":"","overlay-type":"","overlay-color":"","overlay-opacity":"","overlay-gradient":""}},"ast-content-background-meta":{"desktop":{"background-color":"var(--ast-global-color-5)","background-image":"","background-repeat":"repeat","background-position":"center center","background-size":"auto","background-attachment":"scroll","background-type":"","background-media":"","overlay-type":"","overlay-color":"","overlay-opacity":"","overlay-gradient":""},"tablet":{"background-color":"var(--ast-global-color-5)","background-image":"","background-repeat":"repeat","background-position":"center center","background-size":"auto","background-attachment":"scroll","background-type":"","background-media":"","overlay-type":"","overlay-color":"","overlay-opacity":"","overlay-gradient":""},"mobile":{"background-color":"var(--ast-global-color-5)","background-image":"","background-repeat":"repeat","background-position":"center center","background-size":"auto","background-attachment":"scroll","background-type":"","background-media":"","overlay-type":"","overlay-color":"","overlay-opacity":"","overlay-gradient":""}},"footnotes":""},"class_list":["post-3887","page","type-page","status-publish","hentry"],"uagb_featured_image_src":{"full":false,"thumbnail":false,"medium":false,"medium_large":false,"large":false,"1536x1536":false,"2048x2048":false,"trp-custom-language-flag":false},"uagb_author_info":{"display_name":"Editor","author_link":"https:\/\/dantebogota.com\/b1\/es\/author\/editor\/"},"uagb_comment_info":0,"uagb_excerpt":"&nbsp; &nbsp; Cursos para familias Leonardinas Este curso est\u00e1 dise\u00f1ado para los padres que desean sentirse m\u00e1s seguros al comunicarse [&hellip;]","_links":{"self":[{"href":"https:\/\/dantebogota.com\/b1\/es\/wp-json\/wp\/v2\/pages\/3887","targetHints":{"allow":["GET"]}}],"collection":[{"href":"https:\/\/dantebogota.com\/b1\/es\/wp-json\/wp\/v2\/pages"}],"about":[{"href":"https:\/\/dantebogota.com\/b1\/es\/wp-json\/wp\/v2\/types\/page"}],"author":[{"embeddable":true,"href":"https:\/\/dantebogota.com\/b1\/es\/wp-json\/wp\/v2\/users\/2"}],"replies":[{"embeddable":true,"href":"https:\/\/dantebogota.com\/b1\/es\/wp-json\/wp\/v2\/comments?post=3887"}],"version-history":[{"count":38,"href":"https:\/\/dantebogota.com\/b1\/es\/wp-json\/wp\/v2\/pages\/3887\/revisions"}],"predecessor-version":[{"id":4389,"href":"https:\/\/dantebogota.com\/b1\/es\/wp-json\/wp\/v2\/pages\/3887\/revisions\/4389"}],"wp:attachment":[{"href":"https:\/\/dantebogota.com\/b1\/es\/wp-json\/wp\/v2\/media?parent=3887"}],"curies":[{"name":"wp","href":"https:\/\/api.w.org\/{rel}","templated":true}]}}