{"id":3044,"date":"2024-11-08T16:25:24","date_gmt":"2024-11-08T21:25:24","guid":{"rendered":"https:\/\/juacai6.dreamhosters.com\/dante\/?page_id=3044"},"modified":"2025-02-12T19:06:31","modified_gmt":"2025-02-13T00:06:31","slug":"cittadinanza-attiva","status":"publish","type":"page","link":"https:\/\/dantebogota.com\/b1\/es\/cittadinanza-attiva\/","title":{"rendered":"Clases de ciudadan\u00eda activa"},"content":{"rendered":"<div style=\"margin-top:0px; text-align:center;\"><figure class=\"\"><img decoding=\"async\" src=\"https:\/\/dantebogota.com\/b1\/wp-content\/uploads\/2024\/07\/banner_corsi2-1024x145.jpeg\" alt=\"\" style=\"max-width: 100%; height: auto; transform: scale(1.28,1.28);\" width=\"\" height=\"\" title=\"banner_corsi2\" loading=\"lazy\" role=\"img\"\/><\/figure><\/div>\n\n<div style=\"margin-left:0px; margin-top:50px; display: flex; align-items: center; width:100%; height:150px;\">\n<div style=\"margin-left:0px; margin-top:0px; width:150px; height:150px; border-radius:75px; background-color: #FFED4E;\">&nbsp;<\/div>\n<div style=\"position: absolute; margin-left:60px; margin-top:0px;\">\n<span style=\"font: bold 60px\/50px Lato; letter-spacing:1px;\">Clases<\/span><br>\n<span style=\"font: normal 50px\/40px Times; letter-spacing:1px;\">de Ciudadan\u00eda activa<\/span><\/div><\/div><p>&nbsp;<\/p>\n\n\n\n<p class=\"has-medium-font-size\" style=\"letter-spacing:0.5px\">\u00a1Ori\u00e9ntate en Italia con facilidad! Aprende todo lo que necesitas saber sobre la vida cotidiana en Italia: tr\u00e1mites de residencia, apertura de cuentas bancarias, contratos de alquiler, servicios p\u00fablicos y mucho m\u00e1s. A trav\u00e9s de simulaciones reales, te prepararemos para enfrentar cualquier situaci\u00f3n burocr\u00e1tica.<\/p>\n\n\n\n<p class=\"has-medium-font-size\">2 clases de 3 horas cada una.<\/p>\n\n\n\n<div style=\"height:39px\" aria-hidden=\"true\" class=\"wp-block-spacer\"><\/div>\n\n\n\n<div class=\"wp-block-buttons is-layout-flex wp-block-buttons-is-layout-flex\">\n<div class=\"wp-block-button\"><a class=\"wp-block-button__link wp-element-button\">Formulario de inscripci\u00f3n<\/a><\/div>\n<\/div>\n\n\n\n<div style=\"height:39px\" aria-hidden=\"true\" class=\"wp-block-spacer\"><\/div>","protected":false},"excerpt":{"rendered":"<p>&nbsp; Lezioni di Cittadinanza attiva &nbsp; Corso pratico per orientarsi nella vita quotidiana in Italia: permesso di soggiorno, apertura di [&hellip;]<\/p>\n","protected":false},"author":1,"featured_media":0,"parent":0,"menu_order":0,"comment_status":"closed","ping_status":"closed","template":"","meta":{"_uag_custom_page_level_css":"","site-sidebar-layout":"default","site-content-layout":"","ast-site-content-layout":"default","site-content-style":"default","site-sidebar-style":"default","ast-global-header-display":"","ast-banner-title-visibility":"","ast-main-header-display":"","ast-hfb-above-header-display":"","ast-hfb-below-header-display":"","ast-hfb-mobile-header-display":"","site-post-title":"disabled","ast-breadcrumbs-content":"","ast-featured-img":"","footer-sml-layout":"","theme-transparent-header-meta":"","adv-header-id-meta":"","stick-header-meta":"","header-above-stick-meta":"","header-main-stick-meta":"","header-below-stick-meta":"","astra-migrate-meta-layouts":"set","ast-page-background-enabled":"default","ast-page-background-meta":{"desktop":{"background-color":"var(--ast-global-color-4)","background-image":"","background-repeat":"repeat","background-position":"center center","background-size":"auto","background-attachment":"scroll","background-type":"","background-media":"","overlay-type":"","overlay-color":"","overlay-opacity":"","overlay-gradient":""},"tablet":{"background-color":"","background-image":"","background-repeat":"repeat","background-position":"center center","background-size":"auto","background-attachment":"scroll","background-type":"","background-media":"","overlay-type":"","overlay-color":"","overlay-opacity":"","overlay-gradient":""},"mobile":{"background-color":"","background-image":"","background-repeat":"repeat","background-position":"center center","background-size":"auto","background-attachment":"scroll","background-type":"","background-media":"","overlay-type":"","overlay-color":"","overlay-opacity":"","overlay-gradient":""}},"ast-content-background-meta":{"desktop":{"background-color":"var(--ast-global-color-5)","background-image":"","background-repeat":"repeat","background-position":"center center","background-size":"auto","background-attachment":"scroll","background-type":"","background-media":"","overlay-type":"","overlay-color":"","overlay-opacity":"","overlay-gradient":""},"tablet":{"background-color":"var(--ast-global-color-5)","background-image":"","background-repeat":"repeat","background-position":"center center","background-size":"auto","background-attachment":"scroll","background-type":"","background-media":"","overlay-type":"","overlay-color":"","overlay-opacity":"","overlay-gradient":""},"mobile":{"background-color":"var(--ast-global-color-5)","background-image":"","background-repeat":"repeat","background-position":"center center","background-size":"auto","background-attachment":"scroll","background-type":"","background-media":"","overlay-type":"","overlay-color":"","overlay-opacity":"","overlay-gradient":""}},"footnotes":""},"class_list":["post-3044","page","type-page","status-publish","hentry"],"uagb_featured_image_src":{"full":false,"thumbnail":false,"medium":false,"medium_large":false,"large":false,"1536x1536":false,"2048x2048":false,"trp-custom-language-flag":false},"uagb_author_info":{"display_name":"cipollo","author_link":"https:\/\/dantebogota.com\/b1\/es\/author\/cipollo\/"},"uagb_comment_info":0,"uagb_excerpt":"&nbsp; Lezioni di Cittadinanza attiva &nbsp; Corso pratico per orientarsi nella vita quotidiana in Italia: permesso di soggiorno, apertura di [&hellip;]","_links":{"self":[{"href":"https:\/\/dantebogota.com\/b1\/es\/wp-json\/wp\/v2\/pages\/3044","targetHints":{"allow":["GET"]}}],"collection":[{"href":"https:\/\/dantebogota.com\/b1\/es\/wp-json\/wp\/v2\/pages"}],"about":[{"href":"https:\/\/dantebogota.com\/b1\/es\/wp-json\/wp\/v2\/types\/page"}],"author":[{"embeddable":true,"href":"https:\/\/dantebogota.com\/b1\/es\/wp-json\/wp\/v2\/users\/1"}],"replies":[{"embeddable":true,"href":"https:\/\/dantebogota.com\/b1\/es\/wp-json\/wp\/v2\/comments?post=3044"}],"version-history":[{"count":5,"href":"https:\/\/dantebogota.com\/b1\/es\/wp-json\/wp\/v2\/pages\/3044\/revisions"}],"predecessor-version":[{"id":3602,"href":"https:\/\/dantebogota.com\/b1\/es\/wp-json\/wp\/v2\/pages\/3044\/revisions\/3602"}],"wp:attachment":[{"href":"https:\/\/dantebogota.com\/b1\/es\/wp-json\/wp\/v2\/media?parent=3044"}],"curies":[{"name":"wp","href":"https:\/\/api.w.org\/{rel}","templated":true}]}}