{"id":1240,"date":"2024-06-10T00:19:40","date_gmt":"2024-06-10T05:19:40","guid":{"rendered":"https:\/\/juacai6.dreamhosters.com\/dante\/?page_id=1240"},"modified":"2026-01-29T22:25:13","modified_gmt":"2026-01-30T03:25:13","slug":"corsi-di-italiano-per-bambini","status":"publish","type":"page","link":"https:\/\/dantebogota.com\/b1\/es\/corsi-di-italiano-per-bambini\/","title":{"rendered":"Corsi di italiano per bambini"},"content":{"rendered":"<div class=\"wp-block-media-text has-media-on-the-right is-stacked-on-mobile\" style=\"margin-right:0;margin-bottom:0;margin-left:0;padding-top:0;padding-right:0;padding-bottom:0;padding-left:0;grid-template-columns:auto 34%\"><div class=\"wp-block-media-text__content\">\n<div style=\"margin-left:0px; display: flex; align-items: center; justify-content: left; text-align:left;\">\n<div style=\"margin-left:60px; width:220px; height:220px; border-radius:110px; background-color: #FFED4E;\">&nbsp;<\/div>\n<div style=\"position: absolute; z-index: 0; opacity: 0.5; margin-left:120px; margin-top:50px; width:280px; height:70px; background-color: #5bc5f2;\">&nbsp;<\/div>\n<div style=\"margin-top:-40px; position: absolute; margin-left:0px;\">\n<span style=\"font-size: 80px; font-weight: 900; letter-spacing:0.5px;\">Cursos<\/span>\n<div style=\"margin-top:-40px; font: normal 80px Times; letter-spacing:1px;\">para ni\u00f1os<\/div>\n<\/div>\n<\/div>\n<\/div><figure class=\"wp-block-media-text__media\"><img loading=\"lazy\" decoding=\"async\" width=\"470\" height=\"531\" src=\"https:\/\/dantebogota.com\/b1\/wp-content\/uploads\/2024\/06\/pw6.png\" alt=\"\" class=\"wp-image-1531 size-full\" srcset=\"https:\/\/dantebogota.com\/b1\/wp-content\/uploads\/2024\/06\/pw6.png 470w, https:\/\/dantebogota.com\/b1\/wp-content\/uploads\/2024\/06\/pw6-266x300.png 266w, https:\/\/dantebogota.com\/b1\/wp-content\/uploads\/2024\/06\/pw6-11x12.png 11w\" sizes=\"auto, (max-width: 470px) 100vw, 470px\" \/><\/figure><\/div>\n\n\n\n<div style=\"height:35px\" aria-hidden=\"true\" class=\"wp-block-spacer\"><\/div>\n\n\n\n<p style=\"font-size:20px;letter-spacing:0.5px\" class=\" translation-block\">Desde el a\u00f1o 2001, nuestra sede ofrece cursos de italiano LE para ni\u00f1os de nueve a\u00f1os en adelante.\nLos cursos, en modalidad presencial, est\u00e1n divididos en nueve niveles (A1.1, A1.2, A1.3, A2.1, A2.2, A2.3, B1.1, B1.2, B1.3) y su objetivo es preparar a los j\u00f3venes estudiantes al examen de certificaci\u00f3n PLIDA Juniores B1, que eval\u00faa y certifica la competencia del italiano como lengua extranjera seg\u00fan el Marco Com\u00fan Europeo de Referencia para las Lenguas.<\/p>\n\n\n\n<p style=\"font-size:20px;letter-spacing:0.5px\">La metodolog\u00eda pedag\u00f3gica, adecuada para la edad, ofrece al estudiante, desde el primer nivel, las competencias ling\u00fc\u00edsticas \u00fatiles para la comunicaci\u00f3n y la interacci\u00f3n, por medio de clases din\u00e1micas y estimulantes.<\/p>\n\n\n\n<p style=\"font-size:20px;letter-spacing:0.5px\">Tariffa: $920.000<\/p>\n\n\n\n<div style=\"height:51px\" aria-hidden=\"true\" class=\"wp-block-spacer\"><\/div>\n\n\n\n<div style=\"height:18px\" aria-hidden=\"true\" class=\"wp-block-spacer\"><\/div>\n\n\n\n<div style=\"margin-left:0px; display: flex; align-items: center; height:190px;\">\n<div style=\"margin-left:190px; width:150px; height:150px; border-radius:75px; background-color: #A6E4F8;\">&nbsp;<\/div>\n<div style=\"position: absolute; margin-left:0px;\">\n<span style=\"font: bold 60px\/50px Open, sans-serif; letter-spacing:1px;\">Calendario<\/span>\n<\/div><\/div>\n\n\n\n<div style=\"height:39px\" aria-hidden=\"true\" class=\"wp-block-spacer\"><\/div>\n\n\n\n<figure class=\"wp-block-image size-full\"><img loading=\"lazy\" decoding=\"async\" width=\"2000\" height=\"1414\" src=\"https:\/\/dantebogota.com\/b1\/wp-content\/uploads\/2026\/01\/5.png\" alt=\"\" class=\"wp-image-4324\" srcset=\"https:\/\/dantebogota.com\/b1\/wp-content\/uploads\/2026\/01\/5.png 2000w, https:\/\/dantebogota.com\/b1\/wp-content\/uploads\/2026\/01\/5-300x212.png 300w, https:\/\/dantebogota.com\/b1\/wp-content\/uploads\/2026\/01\/5-1024x724.png 1024w, https:\/\/dantebogota.com\/b1\/wp-content\/uploads\/2026\/01\/5-768x543.png 768w, https:\/\/dantebogota.com\/b1\/wp-content\/uploads\/2026\/01\/5-1536x1086.png 1536w, https:\/\/dantebogota.com\/b1\/wp-content\/uploads\/2026\/01\/5-18x12.png 18w\" sizes=\"auto, (max-width: 2000px) 100vw, 2000px\" \/><\/figure>\n\n\n\n<div style=\"height:41px\" aria-hidden=\"true\" class=\"wp-block-spacer\"><\/div>\n\n\n\n<div class=\"wp-block-buttons is-content-justification-center is-layout-flex wp-container-core-buttons-is-layout-a89b3969 wp-block-buttons-is-layout-flex\">\n<div class=\"wp-block-button\"><a class=\"wp-block-button__link wp-element-button\">Formulario de inscripci\u00f3n se publicar\u00e1 pronto<\/a><\/div>\n<\/div>","protected":false},"excerpt":{"rendered":"<p>&nbsp; &nbsp; Corsi per bambini Dall\u2019anno 2001 la nostra sede offre corsi di italiano LS per bambini dai nove anni [&hellip;]<\/p>\n","protected":false},"author":2,"featured_media":0,"parent":0,"menu_order":0,"comment_status":"closed","ping_status":"closed","template":"","meta":{"_uag_custom_page_level_css":"","site-sidebar-layout":"default","site-content-layout":"","ast-site-content-layout":"default","site-content-style":"default","site-sidebar-style":"default","ast-global-header-display":"","ast-banner-title-visibility":"","ast-main-header-display":"","ast-hfb-above-header-display":"","ast-hfb-below-header-display":"","ast-hfb-mobile-header-display":"","site-post-title":"disabled","ast-breadcrumbs-content":"","ast-featured-img":"","footer-sml-layout":"","theme-transparent-header-meta":"","adv-header-id-meta":"","stick-header-meta":"","header-above-stick-meta":"","header-main-stick-meta":"","header-below-stick-meta":"","astra-migrate-meta-layouts":"set","ast-page-background-enabled":"default","ast-page-background-meta":{"desktop":{"background-color":"var(--ast-global-color-4)","background-image":"","background-repeat":"repeat","background-position":"center center","background-size":"auto","background-attachment":"scroll","background-type":"","background-media":"","overlay-type":"","overlay-color":"","overlay-opacity":"","overlay-gradient":""},"tablet":{"background-color":"","background-image":"","background-repeat":"repeat","background-position":"center center","background-size":"auto","background-attachment":"scroll","background-type":"","background-media":"","overlay-type":"","overlay-color":"","overlay-opacity":"","overlay-gradient":""},"mobile":{"background-color":"","background-image":"","background-repeat":"repeat","background-position":"center center","background-size":"auto","background-attachment":"scroll","background-type":"","background-media":"","overlay-type":"","overlay-color":"","overlay-opacity":"","overlay-gradient":""}},"ast-content-background-meta":{"desktop":{"background-color":"var(--ast-global-color-5)","background-image":"","background-repeat":"repeat","background-position":"center center","background-size":"auto","background-attachment":"scroll","background-type":"","background-media":"","overlay-type":"","overlay-color":"","overlay-opacity":"","overlay-gradient":""},"tablet":{"background-color":"var(--ast-global-color-5)","background-image":"","background-repeat":"repeat","background-position":"center center","background-size":"auto","background-attachment":"scroll","background-type":"","background-media":"","overlay-type":"","overlay-color":"","overlay-opacity":"","overlay-gradient":""},"mobile":{"background-color":"var(--ast-global-color-5)","background-image":"","background-repeat":"repeat","background-position":"center center","background-size":"auto","background-attachment":"scroll","background-type":"","background-media":"","overlay-type":"","overlay-color":"","overlay-opacity":"","overlay-gradient":""}},"footnotes":""},"class_list":["post-1240","page","type-page","status-publish","hentry"],"uagb_featured_image_src":{"full":false,"thumbnail":false,"medium":false,"medium_large":false,"large":false,"1536x1536":false,"2048x2048":false,"trp-custom-language-flag":false},"uagb_author_info":{"display_name":"Editor","author_link":"https:\/\/dantebogota.com\/b1\/es\/author\/editor\/"},"uagb_comment_info":0,"uagb_excerpt":"&nbsp; &nbsp; Corsi per bambini Dall\u2019anno 2001 la nostra sede offre corsi di italiano LS per bambini dai nove anni [&hellip;]","_links":{"self":[{"href":"https:\/\/dantebogota.com\/b1\/es\/wp-json\/wp\/v2\/pages\/1240","targetHints":{"allow":["GET"]}}],"collection":[{"href":"https:\/\/dantebogota.com\/b1\/es\/wp-json\/wp\/v2\/pages"}],"about":[{"href":"https:\/\/dantebogota.com\/b1\/es\/wp-json\/wp\/v2\/types\/page"}],"author":[{"embeddable":true,"href":"https:\/\/dantebogota.com\/b1\/es\/wp-json\/wp\/v2\/users\/2"}],"replies":[{"embeddable":true,"href":"https:\/\/dantebogota.com\/b1\/es\/wp-json\/wp\/v2\/comments?post=1240"}],"version-history":[{"count":29,"href":"https:\/\/dantebogota.com\/b1\/es\/wp-json\/wp\/v2\/pages\/1240\/revisions"}],"predecessor-version":[{"id":4354,"href":"https:\/\/dantebogota.com\/b1\/es\/wp-json\/wp\/v2\/pages\/1240\/revisions\/4354"}],"wp:attachment":[{"href":"https:\/\/dantebogota.com\/b1\/es\/wp-json\/wp\/v2\/media?parent=1240"}],"curies":[{"name":"wp","href":"https:\/\/api.w.org\/{rel}","templated":true}]}}