{"id":1238,"date":"2024-06-10T00:19:16","date_gmt":"2024-06-10T05:19:16","guid":{"rendered":"https:\/\/juacai6.dreamhosters.com\/dante\/?page_id=1238"},"modified":"2026-01-16T21:56:52","modified_gmt":"2026-01-17T02:56:52","slug":"corsi-di-lingua-e-cultura-italiane","status":"publish","type":"page","link":"https:\/\/dantebogota.com\/b1\/es\/corsi-di-lingua-e-cultura-italiane\/","title":{"rendered":"Cursos de lengua y cultura Italiana"},"content":{"rendered":"<div style=\"margin-top:0px;\"><figure class=\"\"><img decoding=\"async\" src=\"https:\/\/dantebogota.com\/b1\/wp-content\/uploads\/2024\/07\/banner_corsi-1024x157.png\" alt=\"\" style=\"max-width: 100%; height: auto; transform: scale(1.28,1.28);\" width=\"\" height=\"\" title=\"banner_corsi\" loading=\"lazy\" role=\"img\"\/><\/figure><\/div>\n\n<div style=\"margin-top:50px; margin-left:0px; display: flex; align-items: center; justify-content: left; text-align:left;\">\n<div style=\"margin-left:35px; width:150px; height:150px; border-radius:75px; background-color: #FFED4E;\">&nbsp;<\/div>\n<div style=\"position: absolute; margin-left:0px;\">\n<span style=\"font: bold 60px\/50px Lato; letter-spacing:1px;\">Cursos<\/span><br>\n<span style=\"font: normal 50px\/40px Times; letter-spacing:1px;\">presenciales y virtuales<\/span><\/div><\/div>\n\n\n\n<div style=\"height:52px\" aria-hidden=\"true\" class=\"wp-block-spacer\"><\/div>\n\n\n\n<p style=\"font-size:20px;letter-spacing:0.5px\">Los cursos, intensivos y semi-intensivos, se llevan a cabo de manera virtual o presencial, se ofrecen a lo largo de todo el a\u00f1o en c\u00f3modos horarios. Se dividen en 12 niveles y permiten alcanzar las competencias especificadas en el Marco Com\u00fan Europeo de Referencia para las Lenguas.<br><br>Es posible escoger entre:<\/p>\n\n\n\n<p style=\"font-size:20px;letter-spacing:0.5px\">cursos en grupos est\u00e1ndar de 30 horas de clase,<br>cursos en grupos peque\u00f1os de 24 horas de clase;<br>cursos personalizados de 20 horas de clase.<\/p>\n\n\n\n<p style=\"font-size:20px;letter-spacing:0.5px\">Al finalizar cada curso, los ex\u00e1menes eval\u00faan el nivel de dominio de la lengua italiana.<\/p>\n\n\n\n<div style=\"height:55px\" aria-hidden=\"true\" class=\"wp-block-spacer\"><\/div>\n\n\n\n<div style=\"display: flex; align-items: center; justify-content: center; text-align:center; width:100%; height:150px;\">\n<div style=\"width:150px; height:150px; border-radius:75px; background-color: #FFED4E;\">&nbsp;<\/div>\n<div style=\"position: absolute; \">\n<span style=\"font: bold 60px\/50px Open, sans-serif; letter-spacing:1px;\">Cuadro<\/span><br>\n<span style=\"font: normal 50px\/40px Times; letter-spacing:1px;\">Comparativo<\/span><\/div><\/div>\n\n\n\n<div style=\"height:46px\" aria-hidden=\"true\" class=\"wp-block-spacer\"><\/div>\n\n\n\n<figure class=\"wp-block-table aligncenter\" style=\"font-size:20px;letter-spacing:0.5px\"><table><tbody><tr><td class=\"has-text-align-center\" data-align=\"center\">SOCIET\u00c0 DANTE ALIGHIERI COMITATO DI BOGOT\u00c1<\/td><td class=\"has-text-align-center\" data-align=\"center\">MARCO COM\u00daN EUROPEO DE REFERENCIA PARA LAS LENGUAS - MCER<\/td><\/tr><tr><td class=\"has-text-align-center\" data-align=\"center\">M\u00f3dulos A1.1 \/ A1.2<\/td><td class=\"has-text-align-center\" data-align=\"center\">A1<\/td><\/tr><tr><td class=\"has-text-align-center\" data-align=\"center\">M\u00f3dulos A2.1 \/ A2.2<\/td><td class=\"has-text-align-center\" data-align=\"center\">A2<\/td><\/tr><tr><td class=\"has-text-align-center\" data-align=\"center\">M\u00f3dulos B1.1 \/ B1.2<\/td><td class=\"has-text-align-center\" data-align=\"center\">B1<\/td><\/tr><tr><td class=\"has-text-align-center\" data-align=\"center\">M\u00f3dulos B2.1 \/ B2.2<\/td><td class=\"has-text-align-center\" data-align=\"center\">B2<\/td><\/tr><tr><td class=\"has-text-align-center\" data-align=\"center\">M\u00f3dulos C1.1 \/ C1.2<\/td><td class=\"has-text-align-center\" data-align=\"center\">C1<\/td><\/tr><tr><td class=\"has-text-align-center\" data-align=\"center\">M\u00f3dulos C2.1 \/ C2.2<\/td><td class=\"has-text-align-center\" data-align=\"center\">C2<\/td><\/tr><\/tbody><\/table><\/figure>\n\n\n\n<div style=\"height:102px\" aria-hidden=\"true\" class=\"wp-block-spacer\"><\/div>\n\n\n\n<style>\n\/* Contenedor principal *\/\n    .contenedor {\n        display: flex;              \/* Activa Flexbox *\/\n        justify-content: space-around; \/* Espacio uniforme entre divs *\/\n        align-items: center;        \/* Centra verticalmente *\/\n        flex-wrap: wrap;            \/* Permite que se acomoden en varias filas si no hay espacio *\/\n        gap: 20px;                  \/* Espacio entre divs *\/\n        padding: 0px;\n        background-color: #f0f0f0;\nborder: solid 0px;\nfont-family: Arial;\nwidth:100%;\n    }\n\n    \/* Estilo de cada caja *\/\n    .caja {\n        flex: 1 1 300px;            \/* Crece, encoge y tiene ancho m\u00ednimo *\/\n        background-color: #A6E4F8;\n        padding: 20px;\n        font-size: 18px;\n        border-radius: 0px;\nheight:330px;\n    }\n\n<\/style>\n\n<div class=\"contenedor\">\n  <div class=\"caja\">\n    <p style=\"font-size:26px; font-weight:bold;\">Intensivos<\/p>\n    <p style=\"font-size:16px;\">\n      <span style=\"font-weight:bold;\">De lunes a viernes<\/span><br>\n      de 6:00 p.m. a 8:00 p.m.<br>\n      30 horas de clase por m\u00f3dulo<br><br>\n      <p>$930.000<\/p>\n    <\/p>\n    <p>\n    <a href=\"https:\/\/dantebogota.com\/b1\/corsi-di-italiano-intensivi\/\"><div style=\"margin-top:45px; font-size:16px; text-align: center; align-items: center; color:white; font-weight:600; width:70%; height:30px; background-color:black; border-radius:4px;\">Calendarios e inscripciones<\/div><\/a>\n    <\/p>\n  <\/div>\n  <div class=\"caja\">\n    <p style=\"font-size:26px; font-weight:bold;\">Semiintensivos<\/p>\n    <p style=\"font-size:16px;\">\n      <span style=\"font-weight:bold;\">lunes y mi\u00e9rcoles<\/span><br>\n      de 8:00 a.m. a 10:00 a.m.<br>\n      de 6:00 p.m. a 8:00 p.m.<br>\n      30 horas de clase por m\u00f3dulo\n      <p>$930.000<\/p>\n    <\/p>\n    <p>\n    <a href=\"https:\/\/dantebogota.com\/b1\/corsi-di-italiano-semiintensivi-lm\/\"><div style=\"margin-top:45px; font-size:16px; text-align: center; align-items: center; color:white; font-weight:600; width:70%; height:30px; background-color:black; border-radius:4px;\">Calendarios e inscripciones<\/div><\/a>\n    <\/p>\n  <\/div>\n  <div class=\"caja\">\n    <p style=\"font-size:26px; font-weight:bold;\">Semiintensivos<\/p>\n    <p style=\"font-size:16px;\">\n      <span style=\"font-weight:bold;\">martes y jueves<\/span><br>\n      de 8:00 a.m. a 10:00 a.m.<br>\n      de 6:00 p.m. a 8:00 p.m.<br>\n      30 horas de clase por m\u00f3dulo\n      <p>$930.000<\/p>\n    <\/p>\n    <p>\n    <a href=\"https:\/\/dantebogota.com\/b1\/corsi-di-italiano-semiintensivi-mj\/\"><div style=\"margin-top:45px; font-size:16px; text-align: center; align-items: center; color:white; font-weight:600; width:70%; height:30px; background-color:black; border-radius:4px;\">Calendarios e inscripciones<\/div><\/a>\n    <\/p>\n  <\/div>\n<\/div>\n<p style=\"height:10px;\">&nbsp;<\/p>\n<div class=\"contenedor\">\n  <div class=\"caja\">\n    <p style=\"font-size:26px; font-weight:bold;\">Semiintensivos<\/p>\n    <p style=\"font-size:16px;\">\n      <span style=\"font-weight:bold;\">s\u00e1bados<\/span><br>\n      pausa de 30 minutos<br>\n      30 horas de clase por m\u00f3dulo<br><br>\n      <p>$930.000<\/p>\n    <\/p>\n    <p>\n    <a href=\"https:\/\/dantebogota.com\/b1\/corsi-di-italiano-semiintensivi-s\/\"><div style=\"margin-top:45px; font-size:16px; text-align: center; align-items: center; color:white; font-weight:600; width:70%; height:30px; background-color:black; border-radius:4px;\">Calendarios e inscripciones<\/div><\/a>\n    <\/p>\n  <\/div>\n  <div class=\"caja\">\n    <p style=\"font-size:25px; font-weight:bold;\">Personalizzati 1 \u2013 2 persone<\/p>\n    <p style=\"font-size:16px;\">\n      Horario a convenir<br>\n      20 horas de clase por m\u00f3duo<br><br>\n      Tariffa: <i>informazione (57) 3143944450<\/i>\n    <\/p>\n    <p>\n    <a href=\"https:\/\/dantebogota.com\/b1\/corsi-di-italiano-personalizzati\/\"><div style=\"margin-top:45px; font-size:16px; text-align: center; align-items: center; color:white; font-weight:600; width:70%; height:30px; background-color:black; border-radius:4px;\">Iscrizioni<\/div><\/a>\n    <\/p>\n  <\/div>\n  <div class=\"caja\">\n    <p style=\"font-size:25px; font-weight:bold;\">Grupos peque\u00f1os 3-4 personas<\/p>\n    <p style=\"font-size:16px;\">\n      Horario a convenir<br>\n      24 horas de clase por m\u00f3dulo<br><br>\n      Tariffa: <i>informazione (57) 3143944450<\/i>\n    <\/p>\n    <p>\n    <a href=\"https:\/\/dantebogota.com\/b1\/corsi-di-italiano-piccoli-gruppi\/\"><div style=\"margin-top:45px; font-size:16px; text-align: center; align-items: center; color:white; font-weight:600; width:70%; height:30px; background-color:black; border-radius:4px;\">Iscrizioni<\/div><\/a>\n    <\/p>\n  <\/div>\n<\/div>\n\n\n\n<div class=\"wp-block-columns is-layout-flex wp-container-core-columns-is-layout-28f84493 wp-block-columns-is-layout-flex\">\n<div class=\"wp-block-column is-vertically-aligned-center is-layout-flow wp-block-column-is-layout-flow\" style=\"flex-basis:25%\">\n<div style=\"margin-left:0px; display: flex; align-items: center; justify-content: left; text-align:left;\">\n<div style=\"width:150px; height:150px; border-radius:75px; background-color: #FFED4E;\">&nbsp;<\/div>\n<div style=\"position: absolute; margin-left:65px;\">\n<span style=\"font: bold 60px\/50px Open, sans-serif; letter-spacing:1px;\">Costos<\/span><br>\n<span style=\"font: normal 50px\/40px Times; letter-spacing:1px;\">adicionales<\/span><\/div><\/div>\n<\/div>\n\n\n\n<div class=\"wp-block-column is-layout-flow wp-block-column-is-layout-flow\">\n<figure class=\"wp-block-table alignright\"><table style=\"border-style:none;border-width:0px\"><tbody><tr><td class=\"has-text-align-right\" data-align=\"right\"><\/td><td class=\"has-text-align-center\" data-align=\"center\"><strong>TEXTOS<\/strong><\/td><td class=\"has-text-align-right\" data-align=\"right\"><\/td><\/tr><tr><td class=\"has-text-align-right\" data-align=\"right\">M\u00f3dulos A1.1 \/ A1.2<\/td><td class=\"has-text-align-center\" data-align=\"center\">\u201cNuovo Espresso 1\u201d e-book interactivo<\/td><td class=\"has-text-align-right\" data-align=\"right\">$ 120.000<\/td><\/tr><tr><td class=\"has-text-align-right\" data-align=\"right\">M\u00f3dulos A2.1 \/ A2.2<\/td><td class=\"has-text-align-center\" data-align=\"center\">\u201cNuovo Espresso 2\u201d e-book interactivo<\/td><td class=\"has-text-align-right\" data-align=\"right\">$ 120.000<\/td><\/tr><tr><td class=\"has-text-align-right\" data-align=\"right\">M\u00f3dulos B1.1 \/ B1.2<\/td><td class=\"has-text-align-center\" data-align=\"center\">\u201cNuovo Espresso 3\u201d e-book interactivo<\/td><td class=\"has-text-align-right\" data-align=\"right\">$ 120.000<\/td><\/tr><tr><td class=\"has-text-align-right\" data-align=\"right\">M\u00f3dulos B2.1 \/ B2.2<\/td><td class=\"has-text-align-center\" data-align=\"center\">\u201cNuovo Espresso 4\u201d e-book interactivo<\/td><td class=\"has-text-align-right\" data-align=\"right\">$ 120.000<\/td><\/tr><tr><td class=\"has-text-align-right\" data-align=\"right\">M\u00f3dulos C1.1 \/ C1.2<\/td><td class=\"has-text-align-center\" data-align=\"center\">\u201cNuovo Espresso 5\u201d e-book interactivo<\/td><td class=\"has-text-align-right\" data-align=\"right\">$ 120.000<\/td><\/tr><tr><td class=\"has-text-align-right\" data-align=\"right\">M\u00f3dulos C2.1 \/ C2.2<\/td><td class=\"has-text-align-center\" data-align=\"center\">\u201cNuovo Espresso 6\u201d e-book interactivo<\/td><td class=\"has-text-align-right\" data-align=\"right\">$ 120.000<\/td><\/tr><\/tbody><\/table><\/figure>\n<\/div>\n<\/div>","protected":false},"excerpt":{"rendered":"<p>&nbsp; Corsi presenziali e virtuali I corsi, intensivi e semiintensivi, realizzati in modalit\u00e0 virtuale o presenziale, vengono offerti tutto l\u2019anno [&hellip;]<\/p>\n","protected":false},"author":1,"featured_media":0,"parent":0,"menu_order":0,"comment_status":"closed","ping_status":"closed","template":"","meta":{"_uag_custom_page_level_css":"","site-sidebar-layout":"default","site-content-layout":"","ast-site-content-layout":"default","site-content-style":"default","site-sidebar-style":"default","ast-global-header-display":"","ast-banner-title-visibility":"","ast-main-header-display":"","ast-hfb-above-header-display":"","ast-hfb-below-header-display":"","ast-hfb-mobile-header-display":"","site-post-title":"disabled","ast-breadcrumbs-content":"","ast-featured-img":"","footer-sml-layout":"","theme-transparent-header-meta":"","adv-header-id-meta":"","stick-header-meta":"","header-above-stick-meta":"","header-main-stick-meta":"","header-below-stick-meta":"","astra-migrate-meta-layouts":"set","ast-page-background-enabled":"default","ast-page-background-meta":{"desktop":{"background-color":"var(--ast-global-color-4)","background-image":"","background-repeat":"repeat","background-position":"center center","background-size":"auto","background-attachment":"scroll","background-type":"","background-media":"","overlay-type":"","overlay-color":"","overlay-opacity":"","overlay-gradient":""},"tablet":{"background-color":"","background-image":"","background-repeat":"repeat","background-position":"center center","background-size":"auto","background-attachment":"scroll","background-type":"","background-media":"","overlay-type":"","overlay-color":"","overlay-opacity":"","overlay-gradient":""},"mobile":{"background-color":"","background-image":"","background-repeat":"repeat","background-position":"center center","background-size":"auto","background-attachment":"scroll","background-type":"","background-media":"","overlay-type":"","overlay-color":"","overlay-opacity":"","overlay-gradient":""}},"ast-content-background-meta":{"desktop":{"background-color":"var(--ast-global-color-5)","background-image":"","background-repeat":"repeat","background-position":"center center","background-size":"auto","background-attachment":"scroll","background-type":"","background-media":"","overlay-type":"","overlay-color":"","overlay-opacity":"","overlay-gradient":""},"tablet":{"background-color":"var(--ast-global-color-5)","background-image":"","background-repeat":"repeat","background-position":"center center","background-size":"auto","background-attachment":"scroll","background-type":"","background-media":"","overlay-type":"","overlay-color":"","overlay-opacity":"","overlay-gradient":""},"mobile":{"background-color":"var(--ast-global-color-5)","background-image":"","background-repeat":"repeat","background-position":"center center","background-size":"auto","background-attachment":"scroll","background-type":"","background-media":"","overlay-type":"","overlay-color":"","overlay-opacity":"","overlay-gradient":""}},"footnotes":""},"class_list":["post-1238","page","type-page","status-publish","hentry"],"uagb_featured_image_src":{"full":false,"thumbnail":false,"medium":false,"medium_large":false,"large":false,"1536x1536":false,"2048x2048":false,"trp-custom-language-flag":false},"uagb_author_info":{"display_name":"cipollo","author_link":"https:\/\/dantebogota.com\/b1\/es\/author\/cipollo\/"},"uagb_comment_info":0,"uagb_excerpt":"&nbsp; Corsi presenziali e virtuali I corsi, intensivi e semiintensivi, realizzati in modalit\u00e0 virtuale o presenziale, vengono offerti tutto l\u2019anno [&hellip;]","_links":{"self":[{"href":"https:\/\/dantebogota.com\/b1\/es\/wp-json\/wp\/v2\/pages\/1238","targetHints":{"allow":["GET"]}}],"collection":[{"href":"https:\/\/dantebogota.com\/b1\/es\/wp-json\/wp\/v2\/pages"}],"about":[{"href":"https:\/\/dantebogota.com\/b1\/es\/wp-json\/wp\/v2\/types\/page"}],"author":[{"embeddable":true,"href":"https:\/\/dantebogota.com\/b1\/es\/wp-json\/wp\/v2\/users\/1"}],"replies":[{"embeddable":true,"href":"https:\/\/dantebogota.com\/b1\/es\/wp-json\/wp\/v2\/comments?post=1238"}],"version-history":[{"count":36,"href":"https:\/\/dantebogota.com\/b1\/es\/wp-json\/wp\/v2\/pages\/1238\/revisions"}],"predecessor-version":[{"id":4299,"href":"https:\/\/dantebogota.com\/b1\/es\/wp-json\/wp\/v2\/pages\/1238\/revisions\/4299"}],"wp:attachment":[{"href":"https:\/\/dantebogota.com\/b1\/es\/wp-json\/wp\/v2\/media?parent=1238"}],"curies":[{"name":"wp","href":"https:\/\/api.w.org\/{rel}","templated":true}]}}