{"id":1236,"date":"2024-06-10T00:18:17","date_gmt":"2024-06-10T05:18:17","guid":{"rendered":"https:\/\/juacai6.dreamhosters.com\/dante\/?page_id=1236"},"modified":"2026-04-23T18:21:38","modified_gmt":"2026-04-23T23:21:38","slug":"plida","status":"publish","type":"page","link":"https:\/\/dantebogota.com\/b1\/es\/plida\/","title":{"rendered":"PLIDA"},"content":{"rendered":"<div style=\"height:56px\" aria-hidden=\"true\" class=\"wp-block-spacer\"><\/div>\n\n\n\n<div style=\"margin-top:0px; text-align:center;\"><figure class=\"\"><img decoding=\"async\" src=\"https:\/\/dantebogota.com\/b1\/wp-content\/uploads\/2024\/08\/Logo-PLIDA-nuevo-1-1024x233.png\" alt=\"\" style=\"max-width: 80%; height: auto; \" width=\"\" height=\"\" title=\"logo_plida3\" loading=\"lazy\" role=\"img\"\/><\/figure><\/div>\n\n\n\n<div style=\"height:40px\" aria-hidden=\"true\" class=\"wp-block-spacer\"><\/div>\n\n\n\n<div style=\"height:59px\" aria-hidden=\"true\" class=\"wp-block-spacer\"><\/div>\n\n\n\n<div style=\"margin-left:0px; display: flex; align-items: center; justify-content: left; text-align:left;\">\n<div style=\"margin-left:35px; width:150px; height:150px; border-radius:75px; background-color: #FFED4E;\">&nbsp;<\/div>\n<div style=\"position: absolute; margin-left:0px;\">\n<span style=\"font: bold 60px\/50px Lato; letter-spacing:1px;\">Para todos<\/span><br>\n<span style=\"font: normal 50px\/40px Times; letter-spacing:1px;\">los niveles y todas las edades<\/span><\/div><\/div>\n\n\n\n<div style=\"height:54px\" aria-hidden=\"true\" class=\"wp-block-spacer\"><\/div>\n\n\n\n<ul class=\"wp-block-list\">\n<li style=\"margin-left:var(--wp--preset--spacing--40);font-size:20px;letter-spacing:0.5px\">El<strong> PLIDA<\/strong>, ideado para adultos, ofrece ex\u00e1menes para los niveles A2, B1, B2, C1 y C2, abarcando todos los matices de la lengua italiana.<\/li>\n\n\n\n<li style=\"margin-left:var(--wp--preset--spacing--40);font-size:20px;letter-spacing:0.5px\">El<strong> PLIDA Juniores<\/strong>, ideado para j\u00f3venes desde los 13 hasta los 18 a\u00f1os, con pruebas adaptadas a su edad y nivel de conocimientos, con ex\u00e1menes para los niveles A1, A2, B1 e B2.<\/li>\n<\/ul>\n\n\n\n<p style=\"font-size:20px;letter-spacing:0.5px\">El certificado PLIDA est\u00e1 reconocido por instituciones acad\u00e9micas, organismos gubernamentales y empresas en Italia y en el extranjero.<\/p>\n\n\n\n<p style=\"font-size:20px;letter-spacing:0.5px\">PLIDA es un instrumento invaluable para quienes desean:<\/p>\n\n\n\n<ul class=\"wp-block-list\">\n<li style=\"margin-left:var(--wp--preset--spacing--40);font-size:20px;letter-spacing:0.5px\"><strong>Demostrar sus competencias ling\u00fc\u00edsticas en contextos profesionales.<\/strong> Incluir el certificado PLIDA en la hoja de vida permite dar mayor valor a su perfil.<\/li>\n\n\n\n<li style=\"margin-left:var(--wp--preset--spacing--40);font-size:20px;letter-spacing:0.5px\" class=\" translation-block\">Tener acceso a la universidad italiana. Aprobar un examen PLIDA de nivel B2 o C1 lo exime de realizar el examen de italiano.<\/li>\n\n\n\n<li style=\"margin-left:var(--wp--preset--spacing--40);font-size:20px;letter-spacing:0.5px\" class=\" translation-block\">Solicitar la nacionalidad italiana. Obtener el PLIDA de nivel B1 es un requisito imprescindible para realizar la solicitud para la nacionalidad italiana.<\/li>\n\n\n\n<li style=\"margin-left:var(--wp--preset--spacing--40);font-size:20px;letter-spacing:0.5px\" class=\" translation-block\">Obtener un permiso de larga duraci\u00f3n. Aprobar un examen PLIDA de nivel A2 es necesario para obtener un permiso de larga duraci\u00f3n en Italia.<\/li>\n<\/ul>\n\n\n\n<div style=\"height:54px\" aria-hidden=\"true\" class=\"wp-block-spacer\"><\/div>\n\n\n\n<div style=\"margin-left:0px; display: flex; align-items: center; justify-content: left; text-align:left;\">\n<div style=\"margin-left:0px; width:150px; height:150px; border-radius:75px; background-color: #FFED4E;\">&nbsp;<\/div>\n<div style=\"position: absolute; margin-left:45px;\">\n<span style=\"font: bold 60px\/50px Lato; letter-spacing:1px;\">Estructura<\/span><br>\n<span style=\"font: normal 50px\/40px Times; letter-spacing:1px;\">del examen PLIDA<\/span><\/div><\/div>\n\n\n\n<div style=\"height:54px\" aria-hidden=\"true\" class=\"wp-block-spacer\"><\/div>\n\n\n\n<p style=\"font-size:20px;letter-spacing:0.5px\" class=\" translation-block\">Los ex\u00e1menes PLIDA se dividen en cuatro pruebas que eval\u00faan las cuatro habilidades ling\u00fc\u00edsticas principales: escuchar, leer, escribir y hablar. Cada una de las pruebas se eval\u00faa sobre treinta puntos. Para aprobar el examen, el candidato debe obtener un puntaje m\u00ednimo de 18\/30 en cada prueba. Por lo tanto, el puntaje global m\u00ednimo para aprobar el examen es de 72\/120. Los candidatos que no superen tres, dos o una de las pruebas pueden recuperar la habilidad ling\u00fc\u00edstica dentro de los siguientes 18 meses despu\u00e9s de la fecha del examen.<\/p>\n\n\n\n<p style=\"font-size:20px;letter-spacing:0.5px\" class=\" translation-block\">Los ex\u00e1menes PLIDA se llevan a cabo, en todo el mundo, en las mismas fechas:<\/p>\n\n\n\n<div style=\"height:39px\" aria-hidden=\"true\" class=\"wp-block-spacer\"><\/div>\n\n\n\n<figure class=\"wp-block-image size-full\"><img loading=\"lazy\" decoding=\"async\" width=\"2000\" height=\"1414\" src=\"https:\/\/dantebogota.com\/b1\/wp-content\/uploads\/2026\/01\/Calendario-PLIDA-2026_1.png\" alt=\"\" class=\"wp-image-4337\" srcset=\"https:\/\/dantebogota.com\/b1\/wp-content\/uploads\/2026\/01\/Calendario-PLIDA-2026_1.png 2000w, https:\/\/dantebogota.com\/b1\/wp-content\/uploads\/2026\/01\/Calendario-PLIDA-2026_1-300x212.png 300w, https:\/\/dantebogota.com\/b1\/wp-content\/uploads\/2026\/01\/Calendario-PLIDA-2026_1-1024x724.png 1024w, https:\/\/dantebogota.com\/b1\/wp-content\/uploads\/2026\/01\/Calendario-PLIDA-2026_1-768x543.png 768w, https:\/\/dantebogota.com\/b1\/wp-content\/uploads\/2026\/01\/Calendario-PLIDA-2026_1-1536x1086.png 1536w, https:\/\/dantebogota.com\/b1\/wp-content\/uploads\/2026\/01\/Calendario-PLIDA-2026_1-18x12.png 18w\" sizes=\"auto, (max-width: 2000px) 100vw, 2000px\" \/><\/figure>\n\n\n\n<div class=\"wp-block-buttons is-content-justification-center is-layout-flex wp-container-core-buttons-is-layout-a89b3969 wp-block-buttons-is-layout-flex\">\n<div class=\"wp-block-button\"><a class=\"wp-block-button__link wp-element-button\" href=\"https:\/\/docs.google.com\/forms\/d\/e\/1FAIpQLSd9bdtJTXNr_0eytHfUq-IUzVDEMzlwTPzMIvyouRGw7TXDrw\/viewform?usp=header\" target=\"_blank\" rel=\"noreferrer noopener\">Modulo di iscrizione sessione MAGGIO<\/a><\/div>\n<\/div>\n\n\n\n<div style=\"height:22px\" aria-hidden=\"true\" class=\"wp-block-spacer\"><\/div>\n\n\n\n<figure class=\"wp-block-image size-full\"><img loading=\"lazy\" decoding=\"async\" width=\"2000\" height=\"1414\" src=\"https:\/\/dantebogota.com\/b1\/wp-content\/uploads\/2026\/01\/Calendario-PLIDA-2026_2.png\" alt=\"\" class=\"wp-image-4338\" srcset=\"https:\/\/dantebogota.com\/b1\/wp-content\/uploads\/2026\/01\/Calendario-PLIDA-2026_2.png 2000w, https:\/\/dantebogota.com\/b1\/wp-content\/uploads\/2026\/01\/Calendario-PLIDA-2026_2-300x212.png 300w, https:\/\/dantebogota.com\/b1\/wp-content\/uploads\/2026\/01\/Calendario-PLIDA-2026_2-1024x724.png 1024w, https:\/\/dantebogota.com\/b1\/wp-content\/uploads\/2026\/01\/Calendario-PLIDA-2026_2-768x543.png 768w, https:\/\/dantebogota.com\/b1\/wp-content\/uploads\/2026\/01\/Calendario-PLIDA-2026_2-1536x1086.png 1536w, https:\/\/dantebogota.com\/b1\/wp-content\/uploads\/2026\/01\/Calendario-PLIDA-2026_2-18x12.png 18w\" sizes=\"auto, (max-width: 2000px) 100vw, 2000px\" \/><\/figure>\n\n\n\n<div class=\"wp-block-buttons is-content-justification-center is-layout-flex wp-container-core-buttons-is-layout-a89b3969 wp-block-buttons-is-layout-flex\">\n<div class=\"wp-block-button\"><a class=\"wp-block-button__link wp-element-button\">Modulo di iscrizione PLIDA JUNIORES fra poco<\/a><\/div>\n<\/div>\n\n\n\n<div style=\"height:100px\" aria-hidden=\"true\" class=\"wp-block-spacer\"><\/div>\n\n\n\n<h2 class=\"wp-block-heading has-text-align-center\" style=\"font-size:40px\">La certificazione PLIDA \u00e8 una valutazione linguistica di qualit\u00e0 progettata dalla Societ\u00e0 Dante Alighieri, membro attivo del CLIQ e affiliata all&#8217;ALTE.<\/h2>\n\n\n\n<div style=\"height:54px\" aria-hidden=\"true\" class=\"wp-block-spacer\"><\/div>\n\n\n\n<figure class=\"wp-block-image aligncenter size-full\"><img loading=\"lazy\" decoding=\"async\" width=\"250\" height=\"173\" src=\"https:\/\/dantebogota.com\/b1\/wp-content\/uploads\/2024\/08\/logo-cliq.png\" alt=\"\" class=\"wp-image-2130\" srcset=\"https:\/\/dantebogota.com\/b1\/wp-content\/uploads\/2024\/08\/logo-cliq.png 250w, https:\/\/dantebogota.com\/b1\/wp-content\/uploads\/2024\/08\/logo-cliq-18x12.png 18w\" sizes=\"auto, (max-width: 250px) 100vw, 250px\" \/><\/figure>\n\n\n\n<div style=\"height:27px\" aria-hidden=\"true\" class=\"wp-block-spacer\"><\/div>\n\n\n\n<p style=\"font-size:20px;letter-spacing:1px;line-height:1.55\" class=\" translation-block\">El CLIQ, Certificazione Lingua Italiana di Qualit\u00e0, es un sistema de certificaci\u00f3n nacido en 2011 gracias a un convenio entre el Ministerio de Relaciones Exteriores Italiano y los cuatro organismos de certificaci\u00f3n de la lengua italiana para extranjeros: Societ\u00e0 Dante Alighieri, Universit\u00e0 per Stranieri di Siena, Universit\u00e0 per Stranieri di Perugia y Universit\u00e0 degli Studi Roma Tre. El CLIQ nace con el objetivo de promover una cultura de la evaluaci\u00f3n ling\u00fc\u00edstica de calidad y de garantizar un sistema de certificaci\u00f3n de las competencias ling\u00fc\u00edsticas de acuerdo con los est\u00e1ndares internacionales.<\/p>\n\n\n\n<div style=\"height:54px\" aria-hidden=\"true\" class=\"wp-block-spacer\"><\/div>\n\n\n\n<figure class=\"wp-block-image aligncenter size-full\"><img loading=\"lazy\" decoding=\"async\" width=\"329\" height=\"153\" src=\"https:\/\/dantebogota.com\/b1\/wp-content\/uploads\/2024\/08\/alte_logo.png\" alt=\"\" class=\"wp-image-2134\" srcset=\"https:\/\/dantebogota.com\/b1\/wp-content\/uploads\/2024\/08\/alte_logo.png 329w, https:\/\/dantebogota.com\/b1\/wp-content\/uploads\/2024\/08\/alte_logo-300x140.png 300w, https:\/\/dantebogota.com\/b1\/wp-content\/uploads\/2024\/08\/alte_logo-18x8.png 18w\" sizes=\"auto, (max-width: 329px) 100vw, 329px\" \/><\/figure>\n\n\n\n<div style=\"height:27px\" aria-hidden=\"true\" class=\"wp-block-spacer\"><\/div>\n\n\n\n<p style=\"font-size:20px;letter-spacing:1px;line-height:1.55\" class=\" translation-block\">La ALTE (Association of Language Testers in Europe) es una asociaci\u00f3n profesional que re\u00fane a los organismos que desarrollan y administran los ex\u00e1menes de idiomas en Europa y en todo el mundo. Fundada en 1990, la ALTE tiene su sede en Bruselas, y est\u00e1 compuesta por m\u00e1s de 250 miembros de m\u00e1s de 50 pa\u00edses.<\/p>\n\n\n\n<p class=\"has-medium-font-size\">Los principales objetivos de la ALTE son:<\/p>\n\n\n\n<p class=\"has-medium-font-size\">-  Fomentar una evaluaci\u00f3n ling\u00fc\u00edstica justa y precisa.<\/p>\n\n\n\n<p class=\"has-medium-font-size\">-  Desarrollar y mantener normas de calidad para los ex\u00e1menes de idiomas.<\/p>\n\n\n\n<p class=\"has-medium-font-size\">-  Facilitar la colaboraci\u00f3n y el intercambio de experiencias entre los miembros.<\/p>\n\n\n\n<p class=\"has-medium-font-size\">-  Fomentar la investigaci\u00f3n y el desarrollo en el \u00e1mbito de la evaluaci\u00f3n ling\u00fc\u00edstica.<\/p>\n\n\n\n<div style=\"height:60px\" aria-hidden=\"true\" class=\"wp-block-spacer\"><\/div>\n\n\n\n<p><\/p>","protected":false},"excerpt":{"rendered":"<p>&nbsp; Per tutti i livelli e tutte le et\u00e0 Il certificato PLIDA \u00e8 riconosciuto da istituzioni accademiche, enti governativi e [&hellip;]<\/p>\n","protected":false},"author":1,"featured_media":0,"parent":0,"menu_order":0,"comment_status":"closed","ping_status":"closed","template":"","meta":{"_uag_custom_page_level_css":"","site-sidebar-layout":"default","site-content-layout":"","ast-site-content-layout":"default","site-content-style":"default","site-sidebar-style":"default","ast-global-header-display":"","ast-banner-title-visibility":"","ast-main-header-display":"","ast-hfb-above-header-display":"","ast-hfb-below-header-display":"","ast-hfb-mobile-header-display":"","site-post-title":"disabled","ast-breadcrumbs-content":"","ast-featured-img":"","footer-sml-layout":"","theme-transparent-header-meta":"","adv-header-id-meta":"","stick-header-meta":"","header-above-stick-meta":"","header-main-stick-meta":"","header-below-stick-meta":"","astra-migrate-meta-layouts":"set","ast-page-background-enabled":"default","ast-page-background-meta":{"desktop":{"background-color":"var(--ast-global-color-4)","background-image":"","background-repeat":"repeat","background-position":"center center","background-size":"auto","background-attachment":"scroll","background-type":"","background-media":"","overlay-type":"","overlay-color":"","overlay-opacity":"","overlay-gradient":""},"tablet":{"background-color":"","background-image":"","background-repeat":"repeat","background-position":"center center","background-size":"auto","background-attachment":"scroll","background-type":"","background-media":"","overlay-type":"","overlay-color":"","overlay-opacity":"","overlay-gradient":""},"mobile":{"background-color":"","background-image":"","background-repeat":"repeat","background-position":"center center","background-size":"auto","background-attachment":"scroll","background-type":"","background-media":"","overlay-type":"","overlay-color":"","overlay-opacity":"","overlay-gradient":""}},"ast-content-background-meta":{"desktop":{"background-color":"var(--ast-global-color-5)","background-image":"","background-repeat":"repeat","background-position":"center center","background-size":"auto","background-attachment":"scroll","background-type":"","background-media":"","overlay-type":"","overlay-color":"","overlay-opacity":"","overlay-gradient":""},"tablet":{"background-color":"var(--ast-global-color-5)","background-image":"","background-repeat":"repeat","background-position":"center center","background-size":"auto","background-attachment":"scroll","background-type":"","background-media":"","overlay-type":"","overlay-color":"","overlay-opacity":"","overlay-gradient":""},"mobile":{"background-color":"var(--ast-global-color-5)","background-image":"","background-repeat":"repeat","background-position":"center center","background-size":"auto","background-attachment":"scroll","background-type":"","background-media":"","overlay-type":"","overlay-color":"","overlay-opacity":"","overlay-gradient":""}},"footnotes":""},"class_list":["post-1236","page","type-page","status-publish","hentry"],"uagb_featured_image_src":{"full":false,"thumbnail":false,"medium":false,"medium_large":false,"large":false,"1536x1536":false,"2048x2048":false,"trp-custom-language-flag":false},"uagb_author_info":{"display_name":"cipollo","author_link":"https:\/\/dantebogota.com\/b1\/es\/author\/cipollo\/"},"uagb_comment_info":0,"uagb_excerpt":"&nbsp; Per tutti i livelli e tutte le et\u00e0 Il certificato PLIDA \u00e8 riconosciuto da istituzioni accademiche, enti governativi e [&hellip;]","_links":{"self":[{"href":"https:\/\/dantebogota.com\/b1\/es\/wp-json\/wp\/v2\/pages\/1236","targetHints":{"allow":["GET"]}}],"collection":[{"href":"https:\/\/dantebogota.com\/b1\/es\/wp-json\/wp\/v2\/pages"}],"about":[{"href":"https:\/\/dantebogota.com\/b1\/es\/wp-json\/wp\/v2\/types\/page"}],"author":[{"embeddable":true,"href":"https:\/\/dantebogota.com\/b1\/es\/wp-json\/wp\/v2\/users\/1"}],"replies":[{"embeddable":true,"href":"https:\/\/dantebogota.com\/b1\/es\/wp-json\/wp\/v2\/comments?post=1236"}],"version-history":[{"count":45,"href":"https:\/\/dantebogota.com\/b1\/es\/wp-json\/wp\/v2\/pages\/1236\/revisions"}],"predecessor-version":[{"id":4419,"href":"https:\/\/dantebogota.com\/b1\/es\/wp-json\/wp\/v2\/pages\/1236\/revisions\/4419"}],"wp:attachment":[{"href":"https:\/\/dantebogota.com\/b1\/es\/wp-json\/wp\/v2\/media?parent=1236"}],"curies":[{"name":"wp","href":"https:\/\/api.w.org\/{rel}","templated":true}]}}