{"id":1223,"date":"2024-06-10T00:05:21","date_gmt":"2024-06-10T05:05:21","guid":{"rendered":"https:\/\/juacai6.dreamhosters.com\/dante\/?page_id=1223"},"modified":"2025-02-06T05:45:12","modified_gmt":"2025-02-06T10:45:12","slug":"storia","status":"publish","type":"page","link":"https:\/\/dantebogota.com\/b1\/es\/storia\/","title":{"rendered":"Historia"},"content":{"rendered":"<div style=\"height:73px\" aria-hidden=\"true\" class=\"wp-block-spacer\"><\/div>\n\n\n\n<div style=\"display: flex; align-items: center; justify-content: left; text-align:left;\">\n<div style=\"margin-left:50px; width:70px; height:100px; transform:skew(-20deg); background-color: #A6E4F8;\">&nbsp;<\/div>\n<div style=\"position: absolute; margin-left:0px;\">\n<span style=\"font: bold 60px\/50px Open, sans-serif; letter-spacing:1px;\">Historia<\/span>\n<\/div><\/div>\n\n\n\n<div style=\"height:29px\" aria-hidden=\"true\" class=\"wp-block-spacer\"><\/div>\n\n\n\n<p style=\"text-align:justify; font: normal 20px\/27px Open, sans-serif; letter-spacing:0.5px;\"><strong>La<\/strong> <strong>sede central de la Societ\u00e0 Dante Alighieri<\/strong> tiene profundas ra\u00edces hist\u00f3ricas, fue fundada por el poeta<strong> Giosu\u00e8 Carducci<\/strong> al fundarla en <strong>1889 <\/strong>con el objetivo de \"<strong>tutelar y difundir la lengua y la cultura italiana<\/strong> en el mundo, estimulando los <strong>lazos espirituales de los compatriotas en el extranjero<\/strong> con la madre patria y alimentando en los extranjeros <strong>el amor y el culto hacia la civilizaci\u00f3n italiana<\/strong>\". Hoy en d\u00eda, la Societ\u00e0 Dante Alighieri es una instituci\u00f3n din\u00e1mica que une la tradici\u00f3n humanista del pasado con las m\u00e1s modernas innovaciones en materia ling\u00fc\u00edstica, pedag\u00f3gica y tecnol\u00f3gica.<\/p>\n\n\n\n<div style=\"height:15px\" aria-hidden=\"true\" class=\"wp-block-spacer\"><\/div>\n\n\n\n<table style=\"padding:0px; border:0px; width:100%;\" border=\"0\">\n<tr><td colspan=\"3\" align=\"center\" style=\"padding-bottom:10px; border-width:0px;\"><div style=\"width: 15px; height: 15px; border: 0px solid #A6E4F8; background: #A6E4F8; -webkit-transform: rotate(45deg); -moz-transform: rotate(45deg); -ms-transform: rotate(45deg); -o-transform: rotate(45deg); transform: rotate(45deg);\"><\/div><\/td><\/tr>\n<tr>\n<td style=\"padding:0px; border-width:0px; text-align:center; width:50%;\">\n<div style=\"margin-left:0px; display: flex; align-items: center; height:190px;\">\n<div style=\"margin-left:190px; width:70px; height:70px; border-radius:35px; background-color: #FFED4E;\">&nbsp;<\/div>\n<div style=\"position: absolute; margin-left:140px;\">\n<span style=\"font: normal 50px\/40px Times; letter-spacing:1px;\">1958<\/span>\n<\/div><\/div>\n<\/td>\n<td style=\"padding:0px; border-width:2px; border-color: black;\">\n<\/td>\n<td style=\"font-size:20px; border-width:0px; text-align:justify; width:50%; padding-left:60px; padding-right:70px;\">\nEl Comit\u00e9 de Bogot\u00e1 nace en 1958 gracias al Commendatore Luigi Marengon, Embajador de la Orden de Malta.\n<\/td>\n<\/tr>\n<\/table>\n\n\n\n<div style=\"height:15px\" aria-hidden=\"true\" class=\"wp-block-spacer\"><\/div>\n\n\n\n<table style=\"padding:0px; border:0px; width:100%;\" border=\"0\">\n<tr>\n<td colspan=\"3\" align=\"center\" style=\"padding-bottom:10px; border-width:0px;\"><div style=\"width: 15px; height: 15px; border: 0px solid #A6E4F8; background: #A6E4F8; -webkit-transform: rotate(45deg); -moz-transform: rotate(45deg); -ms-transform: rotate(45deg); -o-transform: rotate(45deg); transform: rotate(45deg);\"><\/div><\/td><\/tr>\n<tr>\n<td style=\"font-size:20px; border-width:0px; text-align:justify; width:50%; padding-left:60px; padding-right:70px;\">\nEn 1985, el entonces Presidente de la Instituci\u00f3n Leonardo da Vinci, Cavaliere Ufficiale Camillo Zorio, lo activa.\n<\/td>\n<td style=\"padding:0px; border-width:2px; border-color: black;\">\n<\/td>\n<td style=\"padding:0px; border-width:0px; text-align:center; width:50%;\">\n<div style=\"margin-left:0px; display: flex; align-items: center; height:190px;\">\n<div style=\"margin-left:190px; width:70px; height:70px; border-radius:35px; background-color: #FFED4E;\">&nbsp;<\/div>\n<div style=\"position: absolute; margin-left:140px;\">\n<span style=\"font: normal 50px\/40px Times; letter-spacing:1px;\">1985<\/span>\n<\/div><\/div>\n<\/td>\n<\/tr>\n<\/table>\n\n\n\n<table style=\"padding:0px; border:0px; width:100%;\" border=\"0\">\n<tr><td colspan=\"3\" align=\"center\" style=\"padding-bottom:10px; border-width:0px;\"><div style=\"width: 15px; height: 15px; border: 0px solid #A6E4F8; background: #A6E4F8; -webkit-transform: rotate(45deg); -moz-transform: rotate(45deg); -ms-transform: rotate(45deg); -o-transform: rotate(45deg); transform: rotate(45deg);\"><\/div><\/td><\/tr>\n<tr>\n<td style=\"padding:0px; border-width:0px; text-align:center; width:50%;\">\n<div style=\"margin-left:0px; display: flex; align-items: center; height:190px;\">\n<div style=\"margin-left:190px; width:70px; height:70px; border-radius:35px; background-color: #FFED4E;\">&nbsp;<\/div>\n<div style=\"position: absolute; margin-left:140px;\">\n<span style=\"font: normal 50px\/40px Times; letter-spacing:1px;\">2010<\/span>\n<\/div><\/div>\n<\/td>\n<td style=\"padding:0px; border-width:2px; border-color: black;\">\n<\/td>\n<td style=\"font-size:20px; border-width:0px; text-align:justify; width:50%; padding-left:60px; padding-right:70px;\">\nEn 2010 la Societ\u00e0 Dante Alighieri le otorga el Diploma con Medalla de Oro al \u201cBenemerito della Cultura\" por el alto valor moral y el fuerte apego demostrado hacia la Societ\u00e0.<p>&nbsp;<\/p>\n<img decoding=\"async\" src=\"https:\/\/dantebogota.com\/b1\/wp-content\/uploads\/2024\/06\/pw4.png\" alt=\"Benmerito di la cultura\" style=\"width:444px;\">\n<\/td>\n<\/tr>\n<\/table>\n\n\n\n<table style=\"padding:0px; border:0px; width:100%;\" border=\"0\">\n<tr>\n<td colspan=\"3\" align=\"center\" style=\"padding-bottom:10px; border-width:0px;\"><div style=\"width: 15px; height: 15px; border: 0px solid #A6E4F8; background: #A6E4F8; -webkit-transform: rotate(45deg); -moz-transform: rotate(45deg); -ms-transform: rotate(45deg); -o-transform: rotate(45deg); transform: rotate(45deg);\"><\/div><\/td><\/tr>\n<tr>\n<td style=\"font-size:20px; border-width:0px; text-align:justify; width:50%; padding-left:60px; padding-right:70px;\">\nEn 2011, durante el Octag\u00e9simo Congreso Internacional, en Tur\u00edn,  la Societ\u00e0 Dante Alighieri, junto con Alma Edizioni, le otorgan el Premio Innovazione Didattica, a la mejor actividad realizada para celebrar los 150 a\u00f1os de la Unidad de Italia.\n<p>&nbsp;<\/p>\n<center><img decoding=\"async\" src=\"https:\/\/dantebogota.com\/b1\/wp-content\/uploads\/2024\/06\/pw5.png\" alt=\"Premio innovazione didattica\" style=\"width:264px;\"><\/center>\n<p>&nbsp;<\/p>\n<p style=\"font-size:20px;\">Se formaliza la colaboraci\u00f3n con la \u201cUniversidad del Rosario\u201d.<\/p>\n<p>&nbsp;<\/p>\n<center><img decoding=\"async\" src=\"https:\/\/dantebogota.com\/b1\/wp-content\/uploads\/2024\/06\/logo_unros144.jpeg\" alt=\"Universidad del Rosario\" style=\"width:144px;\"><\/center>\n<\/td>\n<td style=\"padding:0px; border-width:2px; border-color: black;\">\n<\/td>\n<td style=\"padding:0px; border-width:0px; text-align:center; width:50%;\">\n<div style=\"margin-left:0px; display: flex; align-items: center; height:190px;\">\n<div style=\"margin-left:190px; width:70px; height:70px; border-radius:35px; background-color: #FFED4E;\">&nbsp;<\/div>\n<div style=\"position: absolute; margin-left:140px;\">\n<span style=\"font: normal 50px\/40px Times; letter-spacing:1px;\">2011<\/span>\n<\/div><\/div>\n<\/td>\n<\/tr>\n<\/table>\n\n\n\n<table style=\"padding:0px; border:0px; width:100%;\" border=\"0\">\n<tr><td colspan=\"3\" align=\"center\" style=\"padding-bottom:10px; border-width:0px;\"><div style=\"width: 15px; height: 15px; border: 0px solid #A6E4F8; background: #A6E4F8; -webkit-transform: rotate(45deg); -moz-transform: rotate(45deg); -ms-transform: rotate(45deg); -o-transform: rotate(45deg); transform: rotate(45deg);\"><\/div><\/td><\/tr>\n<tr>\n<td style=\"padding:0px; border-width:0px; text-align:center; width:50%;\">\n<div style=\"margin-left:0px; display: flex; align-items: center; height:190px;\">\n<div style=\"margin-left:190px; width:70px; height:70px; border-radius:35px; background-color: #FFED4E;\">&nbsp;<\/div>\n<div style=\"position: absolute; margin-left:140px;\">\n<span style=\"font: normal 50px\/40px Times; letter-spacing:1px;\">2014<\/span>\n<\/div><\/div>\n<\/td>\n<td style=\"padding:0px; border-width:2px; border-color: black;\">\n<\/td>\n<td style=\"font-size:20px; border-width:0px; text-align:justify; width:50%; padding-left:60px; padding-right:70px;\">\nEn 2014 recibe la donaci\u00f3n de la r\u00e9plica en bronce de la imagen del Sommo Poeta, que sustituye a la escultura de arcilla de la se\u00f1ora Islana Facchielli.<p>&nbsp;<\/p>\n<center><img decoding=\"async\" src=\"https:\/\/dantebogota.com\/b1\/wp-content\/uploads\/2024\/09\/storia_img1.png\" alt=\"Replica in bronzo\" style=\"width:221px;\"><\/center>\n<\/td>\n<\/tr>\n<\/table>\n\n\n\n<table style=\"padding:0px; border:0px; width:100%;\" border=\"0\">\n<tr>\n<td colspan=\"3\" align=\"center\" style=\"padding-bottom:10px; border-width:0px;\"><div style=\"width: 15px; height: 15px; border: 0px solid #A6E4F8; background: #A6E4F8; -webkit-transform: rotate(45deg); -moz-transform: rotate(45deg); -ms-transform: rotate(45deg); -o-transform: rotate(45deg); transform: rotate(45deg);\"><\/div><\/td><\/tr>\n<tr>\n<td style=\"font-size:20px; border-width:0px; text-align:justify; width:50%; padding-left:60px; padding-right:70px;\">\nEn 2015 se firman los convenios con la \u201cUniversidad de La Sabana y la \u201cFundaci\u00f3n Colegio Emilio Valenzuela\u201d.\n<p>&nbsp;<\/p>\n<center><img decoding=\"async\" src=\"https:\/\/dantebogota.com\/b1\/wp-content\/uploads\/2024\/06\/logo_unsab.png\" alt=\"Premio innovazione didattica\" style=\"width:115px;\">&nbsp;&nbsp;&nbsp;&nbsp;&nbsp;&nbsp;&nbsp;&nbsp;&nbsp;&nbsp;&nbsp;&nbsp;<img decoding=\"async\" src=\"https:\/\/dantebogota.com\/b1\/wp-content\/uploads\/2024\/06\/logo_coemva.jpeg\" alt=\"Premio innovazione didattica\" style=\"width:136px;\"><\/center>\n<\/td>\n<td style=\"padding:0px; border-width:2px; border-color: black;\">\n<\/td>\n<td style=\"padding:0px; border-width:0px; text-align:center; width:50%;\">\n<div style=\"margin-left:0px; display: flex; align-items: center; height:190px;\">\n<div style=\"margin-left:190px; width:70px; height:70px; border-radius:35px; background-color: #FFED4E;\">&nbsp;<\/div>\n<div style=\"position: absolute; margin-left:140px;\">\n<span style=\"font: normal 50px\/40px Times; letter-spacing:1px;\">2015<\/span>\n<\/div><\/div>\n<\/td>\n<\/tr>\n<\/table>\n\n\n\n<div style=\"height:68px\" aria-hidden=\"true\" class=\"wp-block-spacer\"><\/div>","protected":false},"excerpt":{"rendered":"<p>&nbsp; Storia La sede centrale della Societ\u00e0 Dante Alighieri ha solide radici storiche, fu infatti il poeta Giosu\u00e8 Carducci a [&hellip;]<\/p>\n","protected":false},"author":1,"featured_media":0,"parent":0,"menu_order":0,"comment_status":"closed","ping_status":"closed","template":"","meta":{"_uag_custom_page_level_css":"","site-sidebar-layout":"default","site-content-layout":"","ast-site-content-layout":"default","site-content-style":"default","site-sidebar-style":"default","ast-global-header-display":"","ast-banner-title-visibility":"","ast-main-header-display":"","ast-hfb-above-header-display":"","ast-hfb-below-header-display":"","ast-hfb-mobile-header-display":"","site-post-title":"disabled","ast-breadcrumbs-content":"","ast-featured-img":"","footer-sml-layout":"","theme-transparent-header-meta":"","adv-header-id-meta":"","stick-header-meta":"","header-above-stick-meta":"","header-main-stick-meta":"","header-below-stick-meta":"","astra-migrate-meta-layouts":"set","ast-page-background-enabled":"default","ast-page-background-meta":{"desktop":{"background-color":"var(--ast-global-color-4)","background-image":"","background-repeat":"repeat","background-position":"center center","background-size":"auto","background-attachment":"scroll","background-type":"","background-media":"","overlay-type":"","overlay-color":"","overlay-opacity":"","overlay-gradient":""},"tablet":{"background-color":"","background-image":"","background-repeat":"repeat","background-position":"center center","background-size":"auto","background-attachment":"scroll","background-type":"","background-media":"","overlay-type":"","overlay-color":"","overlay-opacity":"","overlay-gradient":""},"mobile":{"background-color":"","background-image":"","background-repeat":"repeat","background-position":"center center","background-size":"auto","background-attachment":"scroll","background-type":"","background-media":"","overlay-type":"","overlay-color":"","overlay-opacity":"","overlay-gradient":""}},"ast-content-background-meta":{"desktop":{"background-color":"var(--ast-global-color-5)","background-image":"","background-repeat":"repeat","background-position":"center center","background-size":"auto","background-attachment":"scroll","background-type":"","background-media":"","overlay-type":"","overlay-color":"","overlay-opacity":"","overlay-gradient":""},"tablet":{"background-color":"var(--ast-global-color-5)","background-image":"","background-repeat":"repeat","background-position":"center center","background-size":"auto","background-attachment":"scroll","background-type":"","background-media":"","overlay-type":"","overlay-color":"","overlay-opacity":"","overlay-gradient":""},"mobile":{"background-color":"var(--ast-global-color-5)","background-image":"","background-repeat":"repeat","background-position":"center center","background-size":"auto","background-attachment":"scroll","background-type":"","background-media":"","overlay-type":"","overlay-color":"","overlay-opacity":"","overlay-gradient":""}},"footnotes":""},"class_list":["post-1223","page","type-page","status-publish","hentry"],"uagb_featured_image_src":{"full":false,"thumbnail":false,"medium":false,"medium_large":false,"large":false,"1536x1536":false,"2048x2048":false,"trp-custom-language-flag":false},"uagb_author_info":{"display_name":"cipollo","author_link":"https:\/\/dantebogota.com\/b1\/es\/author\/cipollo\/"},"uagb_comment_info":0,"uagb_excerpt":"&nbsp; Storia La sede centrale della Societ\u00e0 Dante Alighieri ha solide radici storiche, fu infatti il poeta Giosu\u00e8 Carducci a [&hellip;]","_links":{"self":[{"href":"https:\/\/dantebogota.com\/b1\/es\/wp-json\/wp\/v2\/pages\/1223","targetHints":{"allow":["GET"]}}],"collection":[{"href":"https:\/\/dantebogota.com\/b1\/es\/wp-json\/wp\/v2\/pages"}],"about":[{"href":"https:\/\/dantebogota.com\/b1\/es\/wp-json\/wp\/v2\/types\/page"}],"author":[{"embeddable":true,"href":"https:\/\/dantebogota.com\/b1\/es\/wp-json\/wp\/v2\/users\/1"}],"replies":[{"embeddable":true,"href":"https:\/\/dantebogota.com\/b1\/es\/wp-json\/wp\/v2\/comments?post=1223"}],"version-history":[{"count":5,"href":"https:\/\/dantebogota.com\/b1\/es\/wp-json\/wp\/v2\/pages\/1223\/revisions"}],"predecessor-version":[{"id":3526,"href":"https:\/\/dantebogota.com\/b1\/es\/wp-json\/wp\/v2\/pages\/1223\/revisions\/3526"}],"wp:attachment":[{"href":"https:\/\/dantebogota.com\/b1\/es\/wp-json\/wp\/v2\/media?parent=1223"}],"curies":[{"name":"wp","href":"https:\/\/api.w.org\/{rel}","templated":true}]}}